{"id":144,"date":"2025-05-28T19:08:55","date_gmt":"2025-05-28T19:08:55","guid":{"rendered":"https:\/\/niveyro.ar\/proffer\/?page_id=144"},"modified":"2025-05-28T19:13:53","modified_gmt":"2025-05-28T19:13:53","slug":"tomas-hnos","status":"publish","type":"page","link":"https:\/\/niveyro.ar\/proffer\/tomas-hnos\/","title":{"rendered":"Tomas Hnos"},"content":{"rendered":"\n<p><strong>COMMODITIES<\/strong><\/p>\n\n\n\n<p>\u25a0 Corn<br>\u25a0 Soybean oilseed<br>\u25a0 Wheat<br>\u25a0 Barley for feed<br>\u25a0 Barley for beer<\/p>\n\n\n\n<figure class=\"wp-block-image size-full is-resized\"><a href=\"https:\/\/www.paypal.com\/ncp\/payment\/VJRWD8PQ4YSD8\" target=\"_blank\" rel=\" noreferrer noopener\"><img loading=\"lazy\" decoding=\"async\" width=\"903\" height=\"266\" src=\"https:\/\/niveyro.ar\/proffer\/wp-content\/uploads\/2025\/05\/Access-to-Collector-and-Exporter.jpg\" alt=\"\" class=\"wp-image-12\" style=\"width:213px;height:auto\" srcset=\"https:\/\/niveyro.ar\/proffer\/wp-content\/uploads\/2025\/05\/Access-to-Collector-and-Exporter.jpg 903w, https:\/\/niveyro.ar\/proffer\/wp-content\/uploads\/2025\/05\/Access-to-Collector-and-Exporter-300x88.jpg 300w, https:\/\/niveyro.ar\/proffer\/wp-content\/uploads\/2025\/05\/Access-to-Collector-and-Exporter-768x226.jpg 768w\" sizes=\"auto, (max-width: 706px) 89vw, (max-width: 767px) 82vw, 740px\" \/><\/a><\/figure>\n\n\n\n<div class=\"wp-block-media-text is-stacked-on-mobile is-vertically-aligned-top\" style=\"grid-template-columns:39% auto\"><figure class=\"wp-block-media-text__media\"><a href=\"https:\/\/www.paypal.com\/ncp\/payment\/VJRWD8PQ4YSD8\" target=\"_blank\" rel=\" noreferrer noopener\"><img loading=\"lazy\" decoding=\"async\" width=\"390\" height=\"73\" src=\"https:\/\/niveyro.ar\/proffer\/wp-content\/uploads\/2025\/05\/t33w1t21.jpg\" alt=\"\" class=\"wp-image-64 size-full\" srcset=\"https:\/\/niveyro.ar\/proffer\/wp-content\/uploads\/2025\/05\/t33w1t21.jpg 390w, https:\/\/niveyro.ar\/proffer\/wp-content\/uploads\/2025\/05\/t33w1t21-300x56.jpg 300w\" sizes=\"auto, (max-width: 390px) 100vw, 390px\" \/><\/a><\/figure><div class=\"wp-block-media-text__content\">\n<p><strong>Tom\u00e1s Hnos.<\/strong> A team of highly qualified professionals to provide comprehensive solutions for your business.<\/p>\n\n\n\n<p>We were founded as a family business more than 120 years ago\u2026 Today we recognize ourselves as leaders in multi-service agricultural products, with comprehensive and customized solutions for every stage of the agricultural cycle.<br>A century-old company with national capital<br>We were founded in the late 1880s, when Saturnino Llorente established the \u201cLlorente Hermanos\u201d General Store in Pueblo Maya (today Carlos Casares). In 1902, Manuel Tom\u00e1s joined the Llorente House, and in 1921, Aurelio and \u00c1lvaro Tom\u00e1s joined the company. In the 1940s, the firm became Llorente, Tom\u00e1s y Cia. SRL., and in 1946, the Llorente family withdrew from the company, which was renamed Tom\u00e1s Hnos y Cia SRL. It wasn&#8217;t until 1960 that the company changed its name to Tom\u00e1s Hnos. y Cia. SA.<\/p>\n\n\n\n<p>Innovation<br>In the 1980s, Carlos Borla\u2014current president\u2014joined the company for a six-month contract due to a specific request. He quickly discovered the company&#8217;s enormous potential and implemented a series of structural changes that continue to this day.<\/p>\n\n\n\n<p>Leadership<br>With the arrival of the new millennium, the company decided to reposition itself within the sector. In Carlos Borla&#8217;s words: &#8220;We seek to transform ourselves based on our own history, the history of more than 120 years of trust and direct relationships with our clients. Today, our goal is to design comprehensive and personalized strategies so they can improve their businesses through our multi-service solutions.&#8221;<\/p>\n\n\n\n<p>More than 1,600 clients trust us<\/p>\n\n\n\n<p>270 highly trained employees<\/p>\n\n\n\n<p>220,000 tons of storage capacity<\/p>\n\n\n\n<p>1,400,000 tons of grain sold<\/p>\n\n\n\n<p>US$85,000,000 of inputs sold<\/p>\n\n\n\n<p>6,440 tons of fertilizer storage<\/p>\n\n\n\n<p>40,000 hectares of own production<\/p>\n\n\n\n<p>7,200 hectares under the Aapresid Certified Sustainable Agriculture program<\/p>\n\n\n\n<p>18,000 hectares of Precision Agriculture<\/p>\n\n\n\n<p>15 commercial offices<\/p>\n\n\n\n<p>6 storage facilities<\/p>\n\n\n\n<p>5 railway switchboards<\/p>\n\n\n\n<p>10 input warehouses<\/p>\n\n\n\n<p>10 diesel sales points<\/p>\n<\/div><\/div>\n\n\n\n<hr class=\"wp-block-separator has-alpha-channel-opacity\"\/>\n\n\n\n<div class=\"wp-block-media-text is-stacked-on-mobile is-vertically-aligned-top\"><figure class=\"wp-block-media-text__media\"><img loading=\"lazy\" decoding=\"async\" width=\"998\" height=\"1024\" src=\"https:\/\/niveyro.ar\/proffer\/wp-content\/uploads\/2025\/05\/logo-niveyro-commodities-2025-letra-negra-png-998x1024.png\" alt=\"\" class=\"wp-image-82 size-full\" srcset=\"https:\/\/niveyro.ar\/proffer\/wp-content\/uploads\/2025\/05\/logo-niveyro-commodities-2025-letra-negra-png-998x1024.png 998w, https:\/\/niveyro.ar\/proffer\/wp-content\/uploads\/2025\/05\/logo-niveyro-commodities-2025-letra-negra-png-292x300.png 292w, https:\/\/niveyro.ar\/proffer\/wp-content\/uploads\/2025\/05\/logo-niveyro-commodities-2025-letra-negra-png-768x788.png 768w, https:\/\/niveyro.ar\/proffer\/wp-content\/uploads\/2025\/05\/logo-niveyro-commodities-2025-letra-negra-png.png 1247w\" sizes=\"auto, (max-width: 706px) 89vw, (max-width: 767px) 82vw, 740px\" \/><\/figure><div class=\"wp-block-media-text__content\">\n<div class=\"forminator-guttenberg\"><div class=\"forminator-ui forminator-custom-form forminator-custom-form-95 forminator-design--material  forminator_ajax\" data-forminator-render=\"0\" data-form=\"forminator-module-95\" data-uid=\"69e225ac4c2f7\"><br\/><\/div><form\n\t\t\t\tid=\"forminator-module-95\"\n\t\t\t\tclass=\"forminator-ui forminator-custom-form forminator-custom-form-95 forminator-design--material  forminator_ajax\"\n\t\t\t\tmethod=\"post\"\n\t\t\t\tdata-forminator-render=\"0\"\n\t\t\t\tdata-form-id=\"95\"\n\t\t\t\t\n\t\t\t\tdata-design=\"material\"\n\t\t\t\tdata-color-option=\"theme\"\n\t\t\t\t\n\t\t\t\t\n\t\t\t\t\n\t\t\t\tdata-grid=\"open\"\n\t\t\t\t\n\t\t\t\t\n\t\t\t\tstyle=\"display: none;\"\n\t\t\t\t\n\t\t\t\tdata-uid=\"69e225ac4c2f7\"\n\t\t\t><div role=\"alert\" aria-live=\"polite\" class=\"forminator-response-message forminator-error\" aria-hidden=\"true\"><\/div><div class=\"forminator-row\"><div id=\"name-1\" class=\"forminator-field-name forminator-col forminator-col-12 \"><div class=\"forminator-field\"><label for=\"forminator-field-name-1_69e225ac4c2f7\" id=\"forminator-field-name-1_69e225ac4c2f7-label\" class=\"forminator-label\">Complete Name <span class=\"forminator-required\">*<\/span><\/label><input type=\"text\" name=\"name-1\" value=\"\" placeholder=\"\" id=\"forminator-field-name-1_69e225ac4c2f7\" class=\"forminator-input forminator-name--field\" aria-required=\"true\" \/><\/div><\/div><\/div><div class=\"forminator-row\"><div id=\"email-1\" class=\"forminator-field-email forminator-col forminator-col-12 \"><div class=\"forminator-field\"><label for=\"forminator-field-email-1_69e225ac4c2f7\" id=\"forminator-field-email-1_69e225ac4c2f7-label\" class=\"forminator-label\">Email Address <span class=\"forminator-required\">*<\/span><\/label><input type=\"email\" name=\"email-1\" value=\"\" placeholder=\"\" id=\"forminator-field-email-1_69e225ac4c2f7\" class=\"forminator-input forminator-email--field\" data-required=\"true\" aria-required=\"true\" \/><\/div><\/div><\/div><div class=\"forminator-row\"><div id=\"phone-1\" class=\"forminator-field-phone forminator-col forminator-col-12 \"><div class=\"forminator-field\"><label for=\"forminator-field-phone-1_69e225ac4c2f7\" id=\"forminator-field-phone-1_69e225ac4c2f7-label\" class=\"forminator-label\">Phone Number <span class=\"forminator-required\">*<\/span><\/label><input type=\"text\" name=\"phone-1\" value=\"\" placeholder=\"\" id=\"forminator-field-phone-1_69e225ac4c2f7\" class=\"forminator-input forminator-field--phone\" data-required=\"1\" aria-required=\"true\" autocomplete=\"off\" \/><\/div><\/div><\/div><div class=\"forminator-row\"><div id=\"textarea-1\" class=\"forminator-field-textarea forminator-col forminator-col-12 \"><div class=\"forminator-field\"><label for=\"forminator-field-textarea-1_69e225ac4c2f7\" id=\"forminator-field-textarea-1_69e225ac4c2f7-label\" class=\"forminator-label\">Message<\/label><span id=\"forminator-field-textarea-1_69e225ac4c2f7-description\" class=\"forminator-description\"><span data-limit=\"753\" data-type=\"characters\" data-editor=\"\">0 \/ 753<\/span><\/span><textarea name=\"textarea-1\" placeholder=\"\" id=\"forminator-field-textarea-1_69e225ac4c2f7\" class=\"forminator-textarea\" rows=\"6\" style=\"min-height:97px;\" maxlength=\"753\" ><\/textarea><\/div><\/div><\/div><input type=\"hidden\" name=\"referer_url\" value=\"\" \/><div class=\"forminator-row forminator-row-last\"><div class=\"forminator-col\"><div class=\"forminator-field\"><button class=\"forminator-button forminator-button-submit\"><span>Submit<\/span><span aria-hidden=\"true\"><\/span><\/button><\/div><\/div><\/div><input type=\"hidden\" id=\"forminator_nonce\" name=\"forminator_nonce\" value=\"9adfa097f5\" \/><input type=\"hidden\" name=\"_wp_http_referer\" value=\"\/proffer\/wp-json\/wp\/v2\/pages\/144\" \/><input type=\"hidden\" name=\"form_id\" value=\"95\"><input type=\"hidden\" name=\"page_id\" value=\"144\"><input type=\"hidden\" name=\"form_type\" value=\"default\"><input type=\"hidden\" name=\"current_url\" value=\"https:\/\/niveyro.ar\/proffer\/tomas-hnos\/\"><input type=\"hidden\" name=\"render_id\" value=\"0\"><input type=\"hidden\" name=\"action\" value=\"forminator_submit_form_custom-forms\"><\/form><\/div>\n<\/div><\/div>\n","protected":false},"excerpt":{"rendered":"<p>COMMODITIES \u25a0 Corn\u25a0 Soybean oilseed\u25a0 Wheat\u25a0 Barley for feed\u25a0 Barley for beer Tom\u00e1s Hnos. A team of highly qualified professionals to provide comprehensive solutions for your business. We were founded as a family business more than 120 years ago\u2026 Today we recognize ourselves as leaders in multi-service agricultural products, with comprehensive and customized solutions for &hellip; <\/p>\n<p class=\"link-more\"><a href=\"https:\/\/niveyro.ar\/proffer\/tomas-hnos\/\" class=\"more-link\">Continue reading<span class=\"screen-reader-text\"> &#8220;Tomas Hnos&#8221;<\/span><\/a><\/p>\n","protected":false},"author":1,"featured_media":64,"parent":0,"menu_order":0,"comment_status":"closed","ping_status":"closed","template":"","meta":{"footnotes":""},"class_list":["post-144","page","type-page","status-publish","has-post-thumbnail","hentry"],"_links":{"self":[{"href":"https:\/\/niveyro.ar\/proffer\/wp-json\/wp\/v2\/pages\/144","targetHints":{"allow":["GET"]}}],"collection":[{"href":"https:\/\/niveyro.ar\/proffer\/wp-json\/wp\/v2\/pages"}],"about":[{"href":"https:\/\/niveyro.ar\/proffer\/wp-json\/wp\/v2\/types\/page"}],"author":[{"embeddable":true,"href":"https:\/\/niveyro.ar\/proffer\/wp-json\/wp\/v2\/users\/1"}],"replies":[{"embeddable":true,"href":"https:\/\/niveyro.ar\/proffer\/wp-json\/wp\/v2\/comments?post=144"}],"version-history":[{"count":4,"href":"https:\/\/niveyro.ar\/proffer\/wp-json\/wp\/v2\/pages\/144\/revisions"}],"predecessor-version":[{"id":149,"href":"https:\/\/niveyro.ar\/proffer\/wp-json\/wp\/v2\/pages\/144\/revisions\/149"}],"wp:featuredmedia":[{"embeddable":true,"href":"https:\/\/niveyro.ar\/proffer\/wp-json\/wp\/v2\/media\/64"}],"wp:attachment":[{"href":"https:\/\/niveyro.ar\/proffer\/wp-json\/wp\/v2\/media?parent=144"}],"curies":[{"name":"wp","href":"https:\/\/api.w.org\/{rel}","templated":true}]}}